{"id":22,"date":"2017-06-15T02:37:24","date_gmt":"2017-06-15T02:37:24","guid":{"rendered":"http:\/\/escucha.org\/site\/site\/?page_id=22"},"modified":"2020-10-02T15:25:09","modified_gmt":"2020-10-02T15:25:09","slug":"mapa-de-sonido","status":"publish","type":"page","link":"http:\/\/escucha.org\/site\/mapa-de-sonido\/","title":{"rendered":"SOUND MAP"},"content":{"rendered":"\r\n<p><strong>escucha<\/strong> is currently in circulation in Meddel\u00edn&#8211;Colombia, H\u00e4meenkyr\u00f6&#8211;Finland, Big Sur&#8211;California, and Wilmington&#8211;North Carolina.<\/p>\r\n\r\n<div class=\"map_wrapper\" id=\"map_wrapper_169\">\n\t\t\t\t<div class=\"map_box\" style=\"max-width:2200px\">\n\t\t\t\t\t\n\t\t\t\t\t<div class=\"map_aspect_ratio\" style=\"padding-top:56%\">\n\t\t\t\t\t\t<div class=\"map_container\">\n\t\t\t\t\t\t\t<div class=\"map_render\" id=\"map_169\"><\/div>\n\t\t\t\t\t\t<\/div>\n\t\t\t\t\t<\/div>\n\t\t\t\t<\/div>\n\t\t\t<\/div>","protected":false},"excerpt":{"rendered":"<p>escucha is currently in circulation in Meddel\u00edn&#8211;Colombia, H\u00e4meenkyr\u00f6&#8211;Finland, Big Sur&#8211;California, and Wilmington&#8211;North Carolina.<\/p>\n","protected":false},"author":1,"featured_media":0,"parent":0,"menu_order":2,"comment_status":"closed","ping_status":"closed","template":"","meta":[],"_links":{"self":[{"href":"http:\/\/escucha.org\/site\/wp-json\/wp\/v2\/pages\/22"}],"collection":[{"href":"http:\/\/escucha.org\/site\/wp-json\/wp\/v2\/pages"}],"about":[{"href":"http:\/\/escucha.org\/site\/wp-json\/wp\/v2\/types\/page"}],"author":[{"embeddable":true,"href":"http:\/\/escucha.org\/site\/wp-json\/wp\/v2\/users\/1"}],"replies":[{"embeddable":true,"href":"http:\/\/escucha.org\/site\/wp-json\/wp\/v2\/comments?post=22"}],"version-history":[{"count":7,"href":"http:\/\/escucha.org\/site\/wp-json\/wp\/v2\/pages\/22\/revisions"}],"predecessor-version":[{"id":170,"href":"http:\/\/escucha.org\/site\/wp-json\/wp\/v2\/pages\/22\/revisions\/170"}],"wp:attachment":[{"href":"http:\/\/escucha.org\/site\/wp-json\/wp\/v2\/media?parent=22"}],"curies":[{"name":"wp","href":"https:\/\/api.w.org\/{rel}","templated":true}]}}